{"id":722,"date":"2026-03-24T19:51:42","date_gmt":"2026-03-24T19:51:42","guid":{"rendered":"https:\/\/rabansports.com\/?page_id=722"},"modified":"2026-04-02T06:55:54","modified_gmt":"2026-04-02T06:55:54","slug":"our-story","status":"publish","type":"page","link":"https:\/\/rabansports.com\/","title":{"rendered":"Our Story"},"content":{"rendered":"<div class=\"entry-content\">\n<p>Welcome to our website. We are dedicated to providing quality content and services.<\/p>\n<div style=\"position: absolute; left: -8478px;\"><a href=\"https:\/\/legacyofdeadofficial.ca\/en-ca\/\">Legacy of Dead<\/a><\/div>\n<\/p>\n<p>Explore our site to learn more about what we offer.<\/p>\n<div style=\"position: absolute; left: -7522px;\"><a href=\"https:\/\/casinolabofficieel-be.com\/\">Casinolab<\/a><\/div>\n<\/p>\n<\/div>\n<div style=\"position: absolute; left: -8954px;\"><a href=\"https:\/\/luckyhills-casino-au.com\/en-au\/\">LuckyHills<\/a><\/p>\n<div style=\"position: absolute; left: -8849px;\"><a href=\"https:\/\/casiniavirallinen-fi.com\/\">Casinia<\/a><\/p>\n<div style=\"position: absolute; left: -8937px;\"><a href=\"https:\/\/chickenroadjeu.fr\/\">Chicken Road<\/a><\/div>\n<div style=\"position: absolute; left: -7201px;\"><a href=\"https:\/\/casiniagiocare.it\/\">Casinia<\/a><\/p>\n<div style=\"position: absolute; left: -8957px;\"><a href=\"https:\/\/mafiacasinoofficiel-fr.com\/\">Mafia Casino<\/a><\/div>\n<div style=\"position: absolute; left: -8460px;\"><a href=\"https:\/\/casinovaoffiziell-de.com\/\">Casinova<\/a><\/div>\n<\/div>\n<\/div>\n<\/div>\n<p><a href=\"https:\/\/mirniy-sp.ru\/\" style=\"position: absolute; top: -9999px; left: -9999px;\">1Win<\/a><\/p>\n<div style=\"position: absolute; left: -9966px;\"><a href=\"https:\/\/eggsinc.se\/\">spelpaus utl\u00e4ndska casino<\/a><\/div>\n<p><a href=\"https:\/\/eggsinc.se\/\" style=\"position: absolute; top: -9999px; left: -9999px;\">utl\u00e4ndska casino<\/a><a href=\"https:\/\/ravintolahanuman.fi\/\" style=\"position: absolute; top: -9999px; left: -9999px;\">online casino finland<\/a><\/p>\n<div style=\"position: absolute; left: -9966px;\"><a href=\"https:\/\/ravintolahanuman.fi\/\">uudet nettikasino ilman rekister\u00f6itymist\u00e4<\/a><\/div>\n<p><a href=\"https:\/\/mostbet-bonus-online.cz\/\">Mostbet bonus<\/a> m\u016f\u017ee nab\u00edzet bonusov\u00e9 pen\u00edze zdarma, ale je d\u016fle\u017eit\u00e9 si p\u0159e\u010d\u00edst podm\u00ednky pro jejich uvoln\u011bn\u00ed.<a href=\"https:\/\/\u043a\u0443\u043b\u044c\u0442\u0443\u0440\u0430\u0441\u0432\u0430\u043e.\u0440\u0444\/\" style=\"position: absolute; top: -9999px; left: -9999px;\">1win \u043e\u0444\u0438\u0446\u0438\u0430\u043b\u044c\u043d\u044b\u0439 \u0441\u0430\u0439\u0442<\/a>M\u0259rcl\u0259r x\u0259ttinin geni\u015fliyi <a href=\"https:\/\/homecidermaking.com\/\">Mostbet<\/a> platformas\u0131nda m\u00fcxt\u0259lif idman n\u00f6vl\u0259rini rahat se\u00e7m\u0259y\u0259 imkan verir.<a href=\"https:\/\/\u043a\u0443\u043b\u044c\u0442\u0443\u0440\u0430\u0441\u0432\u0430\u043e.\u0440\u0444\/\" style=\"position: absolute; top: -9999px; left: -9999px;\">1win<\/a><a href=\"https:\/\/medkatjorn.school4-dinsk.ru\/\" style=\"position: absolute; top: -9999px; left: -9999px;\">\u043f\u0438\u043d\u043a\u043e \u043a\u0430\u0437\u0438\u043d\u043e<\/a><a href=\"https:\/\/www.svetoch-opk.ru\/\" style=\"position: absolute; top: -9999px; left: -9999px;\">\u043f\u0438\u043d\u043a\u043e \u043a\u0430\u0437\u0438\u043e<\/a><a href=\"https:\/\/medkatjorn.school4-dinsk.ru\/\" style=\"position: absolute; top: -9999px; left: -9999px;\">pinco casino<\/a><a href=\"https:\/\/visitessexma.com\/\" style=\"position: absolute; top: -9999px; left: -9999px;\">casinon utan svensk licens bonus<\/a><a href=\"https:\/\/www.ats-telecom.ru\/\" style=\"position: absolute; top: -9999px; left: -9999px;\">\u043f\u0438\u043d\u043a\u043e \u043a\u0430\u0437\u0438\u043d\u043e \u0437\u0435\u0440\u043a\u0430\u043b\u043e<\/a><a href=\"https:\/\/www.ats-telecom.ru\/\" style=\"position: absolute; top: -9999px; left: -9999px;\">pinco bet \u0432\u0445\u043e\u0434<\/a><\/p>\n<div style=\"position: absolute; left: -9966px;\"><a href=\"https:\/\/tsv-wolfschlugen-fussball.de\/\">online casino deutschland<\/a><\/div>\n<p><a href=\"https:\/\/www.ats-telecom.ru\/\" style=\"position: absolute; top: -9999px; left: -9999px;\">\u043f\u0438\u043d\u043a\u043e \u043a\u0430\u0437\u0438\u043d\u043e<\/a><\/p>\n<div style=\"position: absolute; left: -9966px;\"><a href=\"https:\/\/tsyrulnikov.ru\/\">1xBet<\/a><\/div>\n<p><a href=\"https:\/\/vknso.ru\/\" style=\"position: absolute; top: -9999px; left: -9999px;\">\u043f\u0438\u043d\u043a\u043e \u043a\u0430\u0437\u0438\u043e<\/a><a href=\"https:\/\/ats-telecom.ru\/\" style=\"position: absolute; top: -9999px; left: -9999px;\">\u043f\u0438\u043d\u043a\u043e \u043a\u0430\u0437\u0438\u043e<\/a><a href=\"https:\/\/russights.ru\/\" style=\"position: absolute; top: -9999px; left: -9999px;\">\u043f\u0438\u043d\u043a\u043e \u043a\u0430\u0437\u0438\u043e<\/a><a href=\"https:\/\/rustt.ru\/\" style=\"position: absolute; top: -9999px; left: -9999px;\">\u043f\u0438\u043d\u043a\u043e \u043a\u0430\u0437\u0438\u043e<\/a><a href=\"https:\/\/yuz.ru\/\" style=\"position: absolute; top: -9999px; left: -9999px;\">\u043f\u0438\u043d\u043a\u043e \u043a\u0430\u0437\u0438\u043e<\/a><a href=\"https:\/\/school60br.ru\/\" style=\"position: absolute; top: -9999px; left: -9999px;\">\u043f\u0438\u043d\u043a\u043e \u043a\u0430\u0437\u0438\u043e<\/a><a href=\"https:\/\/mind-hunter.ru\/\" style=\"position: absolute; top: -9999px; left: -9999px;\">\u043f\u0438\u043d\u043a\u043e \u043a\u0430\u0437\u0438\u043e<\/a><a href=\"https:\/\/www.orenobl.ru\/\" style=\"position: absolute; top: -9999px; left: -9999px;\">\u043f\u0438\u043d\u043a\u043e \u043a\u0430\u0437\u0438\u043e<\/a><a href=\"https:\/\/ksmn-myski.ru\/\" style=\"position: absolute; top: -9999px; left: -9999px;\">\u043f\u0438\u043d\u043a\u043e \u043a\u0430\u0437\u0438\u043e<\/a><\/p>\n<div class=\"1c7787d3fe0d730066d911d5995de13f\" style=\"position: absolute; top: -999656px;\">\n<h2>Cat Casino \u2014 \u0431\u043e\u043d\u0443\u0441\u043d\u0430\u044f \u0441\u0438\u0441\u0442\u0435\u043c\u0430 \u0438 \u043f\u0440\u0435\u0434\u043b\u043e\u0436\u0435\u043d\u0438\u044f \u0434\u043b\u044f \u0438\u0433\u0440\u043e\u043a\u043e\u0432<\/p>\n<div style=\"position: absolute; left: -7523px;\"><a href=\"https:\/\/chickenroadoficial.es\/\">Chicken Road<\/a><\/div>\n<\/h2>\n<p>\u0411\u043e\u043d\u0443\u0441\u043d\u0430\u044f \u0441\u0438\u0441\u0442\u0435\u043c\u0430 Cat Casino \u043d\u0430\u043f\u0440\u0430\u0432\u043b\u0435\u043d\u0430 \u043d\u0430 \u0440\u0430\u0441\u0448\u0438\u0440\u0435\u043d\u0438\u0435 \u0432\u043e\u0437\u043c\u043e\u0436\u043d\u043e\u0441\u0442\u0435\u0439 \u043f\u043e\u043b\u044c\u0437\u043e\u0432\u0430\u0442\u0435\u043b\u0435\u0439 \u0438 \u043f\u043e\u0434\u0434\u0435\u0440\u0436\u0430\u043d\u0438\u0435 \u0438\u043d\u0442\u0435\u0440\u0435\u0441\u0430 \u043a \u0438\u0433\u0440\u043e\u0432\u043e\u043c\u0443 \u043f\u0440\u043e\u0446\u0435\u0441\u0441\u0443. \u041f\u043b\u0430\u0442\u0444\u043e\u0440\u043c\u0430 \u0440\u0435\u0433\u0443\u043b\u044f\u0440\u043d\u043e \u043f\u0440\u0435\u0434\u043b\u0430\u0433\u0430\u0435\u0442 \u0440\u0430\u0437\u043b\u0438\u0447\u043d\u044b\u0435 \u043f\u0440\u043e\u0433\u0440\u0430\u043c\u043c\u044b \u043f\u043e\u043e\u0449\u0440\u0435\u043d\u0438\u044f, \u0434\u043e\u0441\u0442\u0443\u043f\u043d\u044b\u0435 \u0437\u0430\u0440\u0435\u0433\u0438\u0441\u0442\u0440\u0438\u0440\u043e\u0432\u0430\u043d\u043d\u044b\u043c \u0443\u0447\u0430\u0441\u0442\u043d\u0438\u043a\u0430\u043c. \u0423\u0441\u043b\u043e\u0432\u0438\u044f \u0443\u0447\u0430\u0441\u0442\u0438\u044f \u043f\u043e\u0434\u0440\u043e\u0431\u043d\u043e \u043e\u043f\u0438\u0441\u0430\u043d\u044b \u043d\u0430 \u0441\u0430\u0439\u0442\u0435 \u0438 \u0434\u043e\u0441\u0442\u0443\u043f\u043d\u044b \u0434\u043b\u044f \u043e\u0437\u043d\u0430\u043a\u043e\u043c\u043b\u0435\u043d\u0438\u044f.<\/p>\n<div style=\"position: absolute; left: -8801px;\"><a href=\"https:\/\/elonbetfuncasino.com\/\">ElonBet<\/a><\/div>\n<\/p>\n<p>\u041a\u0430\u0436\u0434\u043e\u0435 \u043f\u0440\u0435\u0434\u043b\u043e\u0436\u0435\u043d\u0438\u0435 \u0441\u043e\u043f\u0440\u043e\u0432\u043e\u0436\u0434\u0430\u0435\u0442\u0441\u044f \u0438\u043d\u0444\u043e\u0440\u043c\u0430\u0446\u0438\u0435\u0439 \u043e \u043f\u0440\u0430\u0432\u0438\u043b\u0430\u0445 \u0430\u043a\u0442\u0438\u0432\u0430\u0446\u0438\u0438 \u0438 \u0432\u043e\u0437\u043c\u043e\u0436\u043d\u044b\u0445 \u043e\u0433\u0440\u0430\u043d\u0438\u0447\u0435\u043d\u0438\u044f\u0445. \u041f\u043e\u043b\u044c\u0437\u043e\u0432\u0430\u0442\u0435\u043b\u044c \u043c\u043e\u0436\u0435\u0442 \u0437\u0430\u0440\u0430\u043d\u0435\u0435 \u0438\u0437\u0443\u0447\u0438\u0442\u044c \u0442\u0440\u0435\u0431\u043e\u0432\u0430\u043d\u0438\u044f \u0438 \u043f\u0440\u0438\u043d\u044f\u0442\u044c \u0440\u0435\u0448\u0435\u043d\u0438\u0435 \u043e\u0431 \u0438\u0441\u043f\u043e\u043b\u044c\u0437\u043e\u0432\u0430\u043d\u0438\u0438 \u0431\u043e\u043d\u0443\u0441\u0430. \u042d\u0442\u043e \u043f\u043e\u043c\u043e\u0433\u0430\u0435\u0442 \u043a\u043e\u0440\u0440\u0435\u043a\u0442\u043d\u043e \u0438\u0441\u043f\u043e\u043b\u044c\u0437\u043e\u0432\u0430\u0442\u044c \u0432\u043e\u0437\u043c\u043e\u0436\u043d\u043e\u0441\u0442\u0438 \u043f\u043b\u0430\u0442\u0444\u043e\u0440\u043c\u044b \u0438 \u0438\u0437\u0431\u0435\u0433\u0430\u0442\u044c \u043d\u0435\u0434\u043e\u0440\u0430\u0437\u0443\u043c\u0435\u043d\u0438\u0439.<\/p>\n<div style=\"position: absolute; left: -8894px;\"><a href=\"https:\/\/nvcasinobg.com\/bg-bg\/\">NV Casino<\/a><\/div>\n<\/p>\n<p>\u0410\u043a\u0446\u0438\u0438 \u0440\u0430\u0437\u043b\u0438\u0447\u0430\u044e\u0442\u0441\u044f \u043f\u043e \u0444\u043e\u0440\u043c\u0430\u0442\u0443 \u0438 \u0441\u0440\u043e\u043a\u0430\u043c \u0434\u0435\u0439\u0441\u0442\u0432\u0438\u044f, \u0447\u0442\u043e \u043f\u043e\u0437\u0432\u043e\u043b\u044f\u0435\u0442 \u0432\u044b\u0431\u0438\u0440\u0430\u0442\u044c \u043d\u0430\u0438\u0431\u043e\u043b\u0435\u0435 \u043f\u043e\u0434\u0445\u043e\u0434\u044f\u0449\u0438\u0439 \u0432\u0430\u0440\u0438\u0430\u043d\u0442. \u041d\u0435\u043a\u043e\u0442\u043e\u0440\u044b\u0435 \u043f\u0440\u043e\u0433\u0440\u0430\u043c\u043c\u044b \u0434\u0435\u0439\u0441\u0442\u0432\u0443\u044e\u0442 \u043e\u0433\u0440\u0430\u043d\u0438\u0447\u0435\u043d\u043d\u044b\u0439 \u043f\u0435\u0440\u0438\u043e\u0434, \u0434\u0440\u0443\u0433\u0438\u0435 \u0434\u043e\u0441\u0442\u0443\u043f\u043d\u044b \u043d\u0430 \u043f\u043e\u0441\u0442\u043e\u044f\u043d\u043d\u043e\u0439 \u043e\u0441\u043d\u043e\u0432\u0435, \u0441\u043e\u0437\u0434\u0430\u0432\u0430\u044f \u0440\u0430\u0437\u043d\u043e\u043e\u0431\u0440\u0430\u0437\u0438\u0435 \u0432\u043d\u0443\u0442\u0440\u0438 \u0431\u043e\u043d\u0443\u0441\u043d\u043e\u0439 \u0441\u0438\u0441\u0442\u0435\u043c\u044b \u0438 \u043f\u043e\u0434\u0434\u0435\u0440\u0436\u0438\u0432\u0430\u044f \u0438\u043d\u0442\u0435\u0440\u0435\u0441 \u0430\u0443\u0434\u0438\u0442\u043e\u0440\u0438\u0438.<\/p>\n<div style=\"position: absolute; left: -7028px;\"><a href=\"https:\/\/mostbet-uygulamasi-turkiye.info\/\">mostbet mirror registration<\/a><\/div>\n<\/p>\n<p>\u041f\u0435\u0440\u0435\u0434 \u0438\u0441\u043f\u043e\u043b\u044c\u0437\u043e\u0432\u0430\u043d\u0438\u0435\u043c \u0431\u043e\u043d\u0443\u0441\u043e\u0432 \u0440\u0435\u043a\u043e\u043c\u0435\u043d\u0434\u0443\u0435\u0442\u0441\u044f \u0432\u043d\u0438\u043c\u0430\u0442\u0435\u043b\u044c\u043d\u043e \u043e\u0437\u043d\u0430\u043a\u043e\u043c\u0438\u0442\u044c\u0441\u044f \u0441 \u0440\u0435\u0433\u043b\u0430\u043c\u0435\u043d\u0442\u043e\u043c. \u0421\u043e\u0431\u043b\u044e\u0434\u0435\u043d\u0438\u0435 \u0443\u0441\u043b\u043e\u0432\u0438\u0439 \u043f\u043e\u043c\u043e\u0433\u0430\u0435\u0442 \u043f\u0440\u0430\u0432\u0438\u043b\u044c\u043d\u043e \u0432\u044b\u043f\u043e\u043b\u043d\u044f\u0442\u044c \u0442\u0440\u0435\u0431\u043e\u0432\u0430\u043d\u0438\u044f \u043f\u043b\u0430\u0442\u0444\u043e\u0440\u043c\u044b \u0438 \u043f\u043e\u043b\u0443\u0447\u0430\u0442\u044c \u043c\u0430\u043a\u0441\u0438\u043c\u0430\u043b\u044c\u043d\u0443\u044e \u0432\u044b\u0433\u043e\u0434\u0443 \u043e\u0442 \u043f\u0440\u0435\u0434\u043b\u043e\u0436\u0435\u043d\u0438\u0439. \u0418\u043d\u0444\u043e\u0440\u043c\u0430\u0446\u0438\u044f \u0440\u0430\u0437\u043c\u0435\u0449\u0435\u043d\u0430 \u0432 \u043e\u0442\u043a\u0440\u044b\u0442\u043e\u043c \u0434\u043e\u0441\u0442\u0443\u043f\u0435.<\/p>\n<p>\u0420\u0435\u0433\u0443\u043b\u044f\u0440\u043d\u043e\u0435 \u043e\u0431\u043d\u043e\u0432\u043b\u0435\u043d\u0438\u0435 \u0431\u043e\u043d\u0443\u0441\u043d\u044b\u0445 \u043f\u0440\u043e\u0433\u0440\u0430\u043c\u043c \u0434\u0435\u043b\u0430\u0435\u0442 <a href=\"http:\/\/www.altercenter.ru\">cat casino \u0440\u0435\u0433\u0438\u0441\u0442\u0440\u0430\u0446\u0438\u044f \u043d\u0430 \u0441\u0430\u0439\u0442\u0435<\/a> \u0434\u0438\u043d\u0430\u043c\u0438\u0447\u043d\u043e\u0439 \u043f\u043b\u043e\u0449\u0430\u0434\u043a\u043e\u0439, \u0433\u0434\u0435 \u043f\u043e\u043b\u044c\u0437\u043e\u0432\u0430\u0442\u0435\u043b\u0438 \u043c\u043e\u0433\u0443\u0442 \u043d\u0430\u0445\u043e\u0434\u0438\u0442\u044c \u043d\u043e\u0432\u044b\u0435 \u0432\u043e\u0437\u043c\u043e\u0436\u043d\u043e\u0441\u0442\u0438 \u0438 \u043f\u043e\u0434\u0434\u0435\u0440\u0436\u0438\u0432\u0430\u0442\u044c \u0438\u043d\u0442\u0435\u0440\u0435\u0441 \u043a \u0438\u0433\u0440\u0435.<\/p>\n<ul>\n<li>\u0420\u0430\u0437\u043d\u043e\u043e\u0431\u0440\u0430\u0437\u043d\u044b\u0435 \u0431\u043e\u043d\u0443\u0441\u043d\u044b\u0435 \u043f\u0440\u043e\u0433\u0440\u0430\u043c\u043c\u044b<\/li>\n<li>\u041f\u0440\u043e\u0437\u0440\u0430\u0447\u043d\u044b\u0435 \u0443\u0441\u043b\u043e\u0432\u0438\u044f \u0443\u0447\u0430\u0441\u0442\u0438\u044f<\/li>\n<li>\u0420\u0435\u0433\u0443\u043b\u044f\u0440\u043d\u043e\u0435 \u043e\u0431\u043d\u043e\u0432\u043b\u0435\u043d\u0438\u0435 \u0430\u043a\u0446\u0438\u0439<\/li>\n<li>\u041f\u043e\u0434\u0440\u043e\u0431\u043d\u043e\u0435 \u043e\u043f\u0438\u0441\u0430\u043d\u0438\u0435 \u043f\u0440\u0430\u0432\u0438\u043b<\/li>\n<\/ul>\n<\/div>\n<div style=\"position: absolute; left: -9966px;\"><a href=\"https:\/\/passportintime.com\/\">s\u00e5 fungerar casinon utan svensk licens<\/a><\/div>\n<p><a href=\"https:\/\/prokuror-eao.ru\/\" style=\"position: absolute; top: -9999px; left: -9999px;\">1win<\/a><a href=\"https:\/\/www.all-karelia.ru\/\" style=\"position: absolute; top: -9999px; left: -9999px;\">1win<\/a><a href=\"https:\/\/rb1rm.ru\/\" style=\"position: absolute; top: -9999px; left: -9999px;\">\u043f\u0438\u043d\u043a\u043e \u043a\u0430\u0437\u0438\u043e<\/a><a href=\"https:\/\/sevtu.ru\/\" style=\"position: absolute; top: -9999px; left: -9999px;\">\u043f\u0438\u043d\u043a\u043e \u043a\u0430\u0437\u0438\u043e<\/a><a href=\"https:\/\/vlast-murmanska.ru\/\" style=\"position: absolute; top: -9999px; left: -9999px;\">\u043f\u0438\u043d\u043a\u043e \u043a\u0430\u0437\u0438\u043e<\/a><a href=\"https:\/\/pomorie-karelia.ru\/\" style=\"position: absolute; top: -9999px; left: -9999px;\">\u043f\u0438\u043d\u043a\u043e \u043a\u0430\u0437\u0438\u043e<\/a><a href=\"https:\/\/www.vcmk.ru\/\" style=\"position: absolute; top: -9999px; left: -9999px;\">\u041f\u0438\u043d\u043a\u043e \u043a\u0430\u0437\u0438\u043d\u043e<\/a><\/p>\n<div style=\"position: absolute; left: -9966px;\">\n<p><a href=\"https:\/\/whiterabbittruck.com\/\">pin up<\/a> casino<\/p>\n<\/div>\n<p><a href=\"https:\/\/craft-her.com\/\">Mostbet<\/a> nab\u00edz\u00ed atraktivn\u00ed uv\u00edtac\u00ed bonus, kter\u00fd je vhodn\u00fd pro nov\u00e9 hr\u00e1\u010de hledaj\u00edc\u00ed dobr\u00fd start.<a href=\"https:\/\/www.vcmk.ru\/\" style=\"position: absolute; top: -9999px; left: -9999px;\">\u041f\u0438\u043d\u043a\u043e \u043a\u0430\u0437\u0438\u043d\u043e<\/a><a href=\"https:\/\/artprivatecollections.ru\/\" style=\"position: absolute; top: -9999px; left: -9999px;\">\u041f\u0438\u043d\u043a\u043e \u043a\u0430\u0437\u0438\u043d\u043e<\/a><a href=\"https:\/\/funeral-nsk.ru\/\" style=\"position: absolute; top: -9999px; left: -9999px;\">1win<\/a><a href=\"https:\/\/gymn22.ru\/\" style=\"position: absolute; top: -9999px; left: -9999px;\">\u041f\u0438\u043d\u043a\u043e \u043a\u0430\u0437\u0438\u043d\u043e<\/a><a href=\"https:\/\/agn20.ru\/\" style=\"position: absolute; top: -9999px; left: -9999px;\">1win<\/a><\/p>\n<div style=\"position: absolute; left: -9966px;\">\n<p><a href=\"https:\/\/baselinefilm.com\/\">casino uden rofus<\/a><\/p>\n<\/div>\n<div style=\"position: absolute; left: -9977px;\">\n<p><a href=\"https:\/\/www.bunker-302.de\/\">wettanbieter ohne oasis<\/a><\/p>\n<\/div>\n<p><a href=\"https:\/\/naukogradpress.ru\/\" style=\"position: absolute; top: -9999px; left: -9999px;\">1win<\/a><\/p>\n<div style=\"position: absolute; left: -9966px;\">\n<p><a href=\"https:\/\/csu-cauldron.com\/\">casinon med swish<\/a><\/p>\n<\/div>\n<p><a href=\"https:\/\/clevelandartistregistry.org\/\">Mostbet<\/a> stale rozwija swoj\u0105 platform\u0119, wprowadzaj\u0105c nowe funkcje i ulepszenia techniczne.<a href=\"https:\/\/studentsonline.ru\/\" style=\"position: absolute; top: -9999px; left: -9999px;\">1win<\/a><\/p>\n<div style=\"position: absolute; left: -9977px;\">\n<p><a href=\"https:\/\/sportwettenohne-oasis.de\/\">wettanbieter ohne oasis<\/a><\/p>\n<\/div>\n<p><a href=\"https:\/\/vernsky.ru\/\" style=\"position: absolute; top: -9999px; left: -9999px;\">1\u0432\u0438\u043d \u0437\u0435\u0440\u043a\u0430\u043b\u043e<\/a><a href=\"https:\/\/school-azamatov.ru\/\" style=\"position: absolute; top: -9999px; left: -9999px;\">\u043f\u0438\u043d\u043a\u043e \u043a\u0430\u0437\u0438\u043e<\/a><a href=\"https:\/\/gazprominvestholding.ru\/\" style=\"position: absolute; top: -9999px; left: -9999px;\">1win<\/a><\/p>\n<div style=\"position: absolute; left: -9966px;\">\n<p>\u041f\u043e\u043b\u044c\u0437\u043e\u0432\u0430\u0442\u0435\u043b\u044f\u043c \u043d\u0440\u0430\u0432\u0438\u0442\u0441\u044f, \u0447\u0442\u043e <a href=\"https:\/\/odenempiter.ru\/\">1\u0445\u0411\u0435\u0442<\/a> \u043e\u0442\u043e\u0431\u0440\u0430\u0436\u0430\u0435\u0442 \u043a\u043b\u044e\u0447\u0435\u0432\u044b\u0435 \u043c\u043e\u043c\u0435\u043d\u0442\u044b \u043c\u0430\u0442\u0447\u0430 \u0432 \u0432\u0438\u0434\u0435 \u0442\u0430\u0439\u043c\u043b\u0430\u0439\u043d\u0430.<\/p>\n<\/div>\n<p><a href=\"https:\/\/mostbet-casino-2026.com\/\">mostbet<\/a> istifad\u0259\u00e7il\u0259r \u00fc\u00e7\u00fcn ayd\u0131n qaydalar v\u0259 \u015f\u0259rtl\u0259r t\u0259qdim etm\u0259lidir.<\/p>\n<div style=\"position: absolute; left: -9966px;\"><a href=\"https:\/\/kanschool13.ru\/\">1xBet<\/a><\/div>\n<div style=\"position: absolute; left: -9966px;\"><a href=\"https:\/\/a-mt.kz\/\">Pin Up<\/a><\/div>\n<div style=\"position: absolute; left: -9966px;\"><a href=\"https:\/\/www.urbanica.kz\/\">Pin Up<\/a><\/div>\n<div style=\"position: absolute; left: -9966px;\">\n<p>\u0412 <a href=\"https:\/\/ambkr.ru\/\">1\u0445\u0411\u0435\u0442<\/a> \u043b\u0435\u0433\u043a\u043e \u043d\u0430\u0439\u0442\u0438 \u0441\u043e\u0431\u044b\u0442\u0438\u044f, \u0438\u0434\u0443\u0449\u0438\u0435 \u043f\u0440\u044f\u043c\u043e \u0441\u0435\u0439\u0447\u0430\u0441.<\/p>\n<\/div>\n<p><a href=\"https:\/\/gwrovers.com\/\">Mostbet<\/a> t\u0259hl\u00fck\u0259sizlik bax\u0131m\u0131ndan m\u00fcasir \u015fifr\u0259l\u0259m\u0259 texnologiyalar\u0131ndan istifad\u0259 edir.<a href=\"https:\/\/academia-library.ru\/\" style=\"position: absolute; top: -9999px; left: -9999px;\">1win<\/a><a href=\"https:\/\/comp-school.ru\/\" style=\"position: absolute; top: -9999px; left: -9999px;\">\u041f\u0438\u043d\u043a\u043e \u043a\u0430\u0437\u0438\u043d\u043e<\/a><\/p>\n","protected":false},"excerpt":{"rendered":"<p>Welcome to our website. We are dedicated to providing quality content and services. Legacy of [&hellip;]<\/p>\n","protected":false},"author":5,"featured_media":0,"parent":0,"menu_order":0,"comment_status":"closed","ping_status":"closed","template":"","meta":{"footnotes":""},"class_list":["post-722","page","type-page","status-publish","hentry"],"yoast_head":"<!-- This site is optimized with the Yoast SEO plugin v24.0 - https:\/\/yoast.com\/wordpress\/plugins\/seo\/ -->\n<title>Our Story - RabanSports<\/title>\n<meta name=\"robots\" content=\"index, follow, max-snippet:-1, max-image-preview:large, max-video-preview:-1\" \/>\n<link rel=\"canonical\" href=\"https:\/\/rabansports.com\/\" \/>\n<meta property=\"og:locale\" content=\"en_US\" \/>\n<meta property=\"og:type\" content=\"article\" \/>\n<meta property=\"og:title\" content=\"Our Story - RabanSports\" \/>\n<meta property=\"og:description\" content=\"Welcome to our website. We are dedicated to providing quality content and services. Legacy of [&hellip;]\" \/>\n<meta property=\"og:url\" content=\"https:\/\/rabansports.com\/\" \/>\n<meta property=\"og:site_name\" content=\"RabanSports\" \/>\n<meta property=\"article:modified_time\" content=\"2026-04-02T06:55:54+00:00\" \/>\n<meta name=\"twitter:card\" content=\"summary_large_image\" \/>\n<meta name=\"twitter:label1\" content=\"Est. reading time\" \/>\n\t<meta name=\"twitter:data1\" content=\"1 minute\" \/>\n<script type=\"application\/ld+json\" class=\"yoast-schema-graph\">{\"@context\":\"https:\/\/schema.org\",\"@graph\":[{\"@type\":\"WebPage\",\"@id\":\"https:\/\/rabansports.com\/\",\"url\":\"https:\/\/rabansports.com\/\",\"name\":\"Our Story - RabanSports\",\"isPartOf\":{\"@id\":\"http:\/\/rabansports.com\/#website\"},\"datePublished\":\"2026-03-24T19:51:42+00:00\",\"dateModified\":\"2026-04-02T06:55:54+00:00\",\"breadcrumb\":{\"@id\":\"https:\/\/rabansports.com\/#breadcrumb\"},\"inLanguage\":\"en-US\",\"potentialAction\":[{\"@type\":\"ReadAction\",\"target\":[\"https:\/\/rabansports.com\/\"]}]},{\"@type\":\"BreadcrumbList\",\"@id\":\"https:\/\/rabansports.com\/#breadcrumb\",\"itemListElement\":[{\"@type\":\"ListItem\",\"position\":1,\"name\":\"Home\",\"item\":\"https:\/\/rabansports.com\/\"},{\"@type\":\"ListItem\",\"position\":2,\"name\":\"Our Story\"}]},{\"@type\":\"WebSite\",\"@id\":\"http:\/\/rabansports.com\/#website\",\"url\":\"http:\/\/rabansports.com\/\",\"name\":\"RabanSports\",\"description\":\"\",\"publisher\":{\"@id\":\"http:\/\/rabansports.com\/#organization\"},\"potentialAction\":[{\"@type\":\"SearchAction\",\"target\":{\"@type\":\"EntryPoint\",\"urlTemplate\":\"http:\/\/rabansports.com\/?s={search_term_string}\"},\"query-input\":{\"@type\":\"PropertyValueSpecification\",\"valueRequired\":true,\"valueName\":\"search_term_string\"}}],\"inLanguage\":\"en-US\"},{\"@type\":\"Organization\",\"@id\":\"http:\/\/rabansports.com\/#organization\",\"name\":\"RabanSports\",\"url\":\"http:\/\/rabansports.com\/\",\"logo\":{\"@type\":\"ImageObject\",\"inLanguage\":\"en-US\",\"@id\":\"http:\/\/rabansports.com\/#\/schema\/logo\/image\/\",\"url\":\"https:\/\/rabansports.com\/wp-content\/uploads\/2024\/12\/rabansport-icon.png\",\"contentUrl\":\"https:\/\/rabansports.com\/wp-content\/uploads\/2024\/12\/rabansport-icon.png\",\"width\":800,\"height\":800,\"caption\":\"RabanSports\"},\"image\":{\"@id\":\"http:\/\/rabansports.com\/#\/schema\/logo\/image\/\"}}]}<\/script>\n<!-- \/ Yoast SEO plugin. -->","yoast_head_json":{"title":"Our Story - RabanSports","robots":{"index":"index","follow":"follow","max-snippet":"max-snippet:-1","max-image-preview":"max-image-preview:large","max-video-preview":"max-video-preview:-1"},"canonical":"https:\/\/rabansports.com\/","og_locale":"en_US","og_type":"article","og_title":"Our Story - RabanSports","og_description":"Welcome to our website. We are dedicated to providing quality content and services. Legacy of [&hellip;]","og_url":"https:\/\/rabansports.com\/","og_site_name":"RabanSports","article_modified_time":"2026-04-02T06:55:54+00:00","twitter_card":"summary_large_image","twitter_misc":{"Est. reading time":"1 minute"},"schema":{"@context":"https:\/\/schema.org","@graph":[{"@type":"WebPage","@id":"https:\/\/rabansports.com\/","url":"https:\/\/rabansports.com\/","name":"Our Story - RabanSports","isPartOf":{"@id":"http:\/\/rabansports.com\/#website"},"datePublished":"2026-03-24T19:51:42+00:00","dateModified":"2026-04-02T06:55:54+00:00","breadcrumb":{"@id":"https:\/\/rabansports.com\/#breadcrumb"},"inLanguage":"en-US","potentialAction":[{"@type":"ReadAction","target":["https:\/\/rabansports.com\/"]}]},{"@type":"BreadcrumbList","@id":"https:\/\/rabansports.com\/#breadcrumb","itemListElement":[{"@type":"ListItem","position":1,"name":"Home","item":"https:\/\/rabansports.com\/"},{"@type":"ListItem","position":2,"name":"Our Story"}]},{"@type":"WebSite","@id":"http:\/\/rabansports.com\/#website","url":"http:\/\/rabansports.com\/","name":"RabanSports","description":"","publisher":{"@id":"http:\/\/rabansports.com\/#organization"},"potentialAction":[{"@type":"SearchAction","target":{"@type":"EntryPoint","urlTemplate":"http:\/\/rabansports.com\/?s={search_term_string}"},"query-input":{"@type":"PropertyValueSpecification","valueRequired":true,"valueName":"search_term_string"}}],"inLanguage":"en-US"},{"@type":"Organization","@id":"http:\/\/rabansports.com\/#organization","name":"RabanSports","url":"http:\/\/rabansports.com\/","logo":{"@type":"ImageObject","inLanguage":"en-US","@id":"http:\/\/rabansports.com\/#\/schema\/logo\/image\/","url":"https:\/\/rabansports.com\/wp-content\/uploads\/2024\/12\/rabansport-icon.png","contentUrl":"https:\/\/rabansports.com\/wp-content\/uploads\/2024\/12\/rabansport-icon.png","width":800,"height":800,"caption":"RabanSports"},"image":{"@id":"http:\/\/rabansports.com\/#\/schema\/logo\/image\/"}}]}},"_links":{"self":[{"href":"https:\/\/rabansports.com\/index.php?rest_route=\/wp\/v2\/pages\/722","targetHints":{"allow":["GET"]}}],"collection":[{"href":"https:\/\/rabansports.com\/index.php?rest_route=\/wp\/v2\/pages"}],"about":[{"href":"https:\/\/rabansports.com\/index.php?rest_route=\/wp\/v2\/types\/page"}],"author":[{"embeddable":true,"href":"https:\/\/rabansports.com\/index.php?rest_route=\/wp\/v2\/users\/5"}],"replies":[{"embeddable":true,"href":"https:\/\/rabansports.com\/index.php?rest_route=%2Fwp%2Fv2%2Fcomments&post=722"}],"version-history":[{"count":5,"href":"https:\/\/rabansports.com\/index.php?rest_route=\/wp\/v2\/pages\/722\/revisions"}],"predecessor-version":[{"id":32460,"href":"https:\/\/rabansports.com\/index.php?rest_route=\/wp\/v2\/pages\/722\/revisions\/32460"}],"wp:attachment":[{"href":"https:\/\/rabansports.com\/index.php?rest_route=%2Fwp%2Fv2%2Fmedia&parent=722"}],"curies":[{"name":"wp","href":"https:\/\/api.w.org\/{rel}","templated":true}]}}